{"id":2051,"date":"2023-07-05T15:30:36","date_gmt":"2023-07-05T20:30:36","guid":{"rendered":"https:\/\/etagro.com\/?post_type=product&#038;p=2051"},"modified":"2025-10-23T13:02:45","modified_gmt":"2025-10-23T18:02:45","slug":"picapasto-pp-600-plus","status":"publish","type":"product","link":"https:\/\/etagro.com\/?product=picapasto-pp-600-plus","title":{"rendered":"Picapasto PENAGOS PP-600 PLUS"},"content":{"rendered":"<p>Picadora de alta velocidad para uso de raci\u00f3n diaria \u00f3 ensilaje.<\/p>\n<p>La picadora de pasto PP 600 PLUS, es ideal para optimizar el picado de pasto, ca\u00f1a de az\u00facar, sorgo y otras especies forrajeras; brinda la opci\u00f3n de picado de zanahoria, papa y\/o trozos de yuca. Posee cuatro cuchillas m\u00f3viles y una contra cuchilla fija, base para motor el\u00e9ctrico o de combusti\u00f3n, cuenta con un protector de bandas y poleas y cuello giratorio para direccionar el material picado.<\/p>\n<table width=\"510\">\n<tbody>\n<tr>\n<td width=\"261\">Modelo<\/td>\n<td width=\"249\">PP-600 PLUS<\/td>\n<\/tr>\n<tr>\n<td width=\"261\">Producci\u00f3n forrajes kg\/h*<\/td>\n<td width=\"249\">1.000 \u2013 1.500<\/td>\n<\/tr>\n<tr>\n<td width=\"261\">N\u00famero de cuchillas<\/td>\n<td width=\"249\">4<\/td>\n<\/tr>\n<tr>\n<td width=\"261\">N\u00famero de contracuchillas<\/td>\n<td width=\"249\">1<\/td>\n<\/tr>\n<tr>\n<td width=\"261\">Revoluciones del rotor<\/td>\n<td width=\"249\">2500 RPM<\/td>\n<\/tr>\n<tr>\n<td width=\"261\">Potencia motor el\u00e9ctrico<\/td>\n<td width=\"249\">5.0 \u2013 7.5 HP<\/td>\n<\/tr>\n<tr>\n<td width=\"261\">Potencia motor gasolina o di\u00e9sel<\/td>\n<td width=\"249\">13 HP<\/td>\n<\/tr>\n<tr>\n<td width=\"261\">Dimensiones (L x A x H) mm<\/td>\n<td width=\"249\">740 X 820 X 1150<\/td>\n<\/tr>\n<tr>\n<td width=\"261\">Peso aproximado<\/td>\n<td width=\"249\">50 Kg.<\/td>\n<\/tr>\n<\/tbody>\n<\/table>\n","protected":false},"excerpt":{"rendered":"<p>\u2013 Apta para raci\u00f3n diaria<br \/>\n\u2013 Ideal para hacer ensilaje<br \/>\n\u2013 Segura en su operaci\u00f3n<br \/>\n\u2013 F\u00e1cil en su mantenimiento<\/p>\n","protected":false},"featured_media":2052,"comment_status":"open","ping_status":"closed","template":"","meta":{"_joinchat":[]},"product_brand":[],"product_cat":[60,111,39],"product_tag":[],"class_list":{"0":"post-2051","1":"product","2":"type-product","3":"status-publish","4":"has-post-thumbnail","6":"product_cat-cortacesped","7":"product_cat-picapasto","8":"product_cat-zonas-verdes","10":"first","11":"instock","12":"taxable","13":"shipping-taxable","14":"purchasable","15":"product-type-simple"},"_links":{"self":[{"href":"https:\/\/etagro.com\/index.php?rest_route=\/wp\/v2\/product\/2051","targetHints":{"allow":["GET"]}}],"collection":[{"href":"https:\/\/etagro.com\/index.php?rest_route=\/wp\/v2\/product"}],"about":[{"href":"https:\/\/etagro.com\/index.php?rest_route=\/wp\/v2\/types\/product"}],"replies":[{"embeddable":true,"href":"https:\/\/etagro.com\/index.php?rest_route=%2Fwp%2Fv2%2Fcomments&post=2051"}],"wp:featuredmedia":[{"embeddable":true,"href":"https:\/\/etagro.com\/index.php?rest_route=\/wp\/v2\/media\/2052"}],"wp:attachment":[{"href":"https:\/\/etagro.com\/index.php?rest_route=%2Fwp%2Fv2%2Fmedia&parent=2051"}],"wp:term":[{"taxonomy":"product_brand","embeddable":true,"href":"https:\/\/etagro.com\/index.php?rest_route=%2Fwp%2Fv2%2Fproduct_brand&post=2051"},{"taxonomy":"product_cat","embeddable":true,"href":"https:\/\/etagro.com\/index.php?rest_route=%2Fwp%2Fv2%2Fproduct_cat&post=2051"},{"taxonomy":"product_tag","embeddable":true,"href":"https:\/\/etagro.com\/index.php?rest_route=%2Fwp%2Fv2%2Fproduct_tag&post=2051"}],"curies":[{"name":"wp","href":"https:\/\/api.w.org\/{rel}","templated":true}]}}