{"id":2021,"date":"2023-07-05T11:52:20","date_gmt":"2023-07-05T16:52:20","guid":{"rendered":"https:\/\/etagro.com\/?post_type=product&#038;p=2021"},"modified":"2025-10-07T18:06:32","modified_gmt":"2025-10-07T23:06:32","slug":"despulpadora-de-cafe-penagos-dh2-1-2","status":"publish","type":"product","link":"https:\/\/etagro.com\/?product=despulpadora-de-cafe-penagos-dh2-1-2","title":{"rendered":"Despulpadora de caf\u00e9 PENAGOS DH2 \u00bd Cobre"},"content":{"rendered":"<h4>Descripci\u00f3n del Producto<\/h4>\n<p>Nuestros modelos tradicionales son amigables con el medio ambiente y despulpan el caf\u00e9 cereza maduro con la mejor eficiencia.<br \/>\nLas despulpadoras 2 1\/2 Penagos son m\u00e1quinas cuyos componentes principales como son, costados, pechero, cilindro volante y pi\u00f1ones del alimentador, son fabricadas en hierro gris, esta fundici\u00f3n hace que las despulpadoras sean muy resistentes a las condiciones ambientales y tengan una larga vida \u00fatil. Sus componentes son fabricados en equipos de \u00faltima generaci\u00f3n logrando ajustes precisos y garantizando un recambio de repuestos que facilita el mantenimiento de la m\u00e1quina.<\/p>\n<h2 id=\"fancy-title-605828ee59ba5\" class=\"mk-shortcode mk-fancy-title fancy-title-align-left pattern-style \">Ventajas<\/h2>\n<ul>\n<li>M\u00e1ximo rendimiento por su alta eficiencia de despulpe.<\/li>\n<li>Despulpan sin usar agua.<\/li>\n<li>F\u00e1cil calibraci\u00f3n, mantenimiento y operaci\u00f3n.<\/li>\n<li>Posibilidad de operar de forma manual o con motor.<\/li>\n<li>Pintura con mayor durabilidad para exposici\u00f3n en ambientes corrosivos.<\/li>\n<\/ul>\n<p>*Base no incluida.<\/p>\n","protected":false},"excerpt":{"rendered":"<h4>Descripci\u00f3n del Producto<\/h4>\n<p>Nuestros modelos tradicionales son amigables con el medio ambiente y despulpan el caf\u00e9 cereza maduro con la mejor eficiencia.<br \/>\nLas despulpadoras 2 1\/2 Penagos son m\u00e1quinas cuyos componentes principales como son, costados, pechero, cilindro volante y pi\u00f1ones del alimentador, son fabricadas en hierro gris, esta fundici\u00f3n hace que las despulpadoras sean muy resistentes a las condiciones ambientales y tengan una larga vida \u00fatil. Sus componentes son fabricados en equipos de \u00faltima generaci\u00f3n logrando ajustes precisos y garantizando un recambio de repuestos que facilita el mantenimiento de la m\u00e1quina.<\/p>\n<h2 id=\"fancy-title-605828ee59ba5\" class=\"mk-shortcode mk-fancy-title fancy-title-align-left pattern-style \">Ventajas<\/h2>\n<ul>\n<li>M\u00e1ximo rendimiento por su alta eficiencia de despulpe.<\/li>\n<li>Despulpan sin usar agua.<\/li>\n<li>F\u00e1cil calibraci\u00f3n, mantenimiento y operaci\u00f3n.<\/li>\n<li>Posibilidad de operar de forma manual o con motor.<\/li>\n<li>Pintura con mayor durabilidad para exposici\u00f3n en ambientes corrosivos.<\/li>\n<\/ul>\n<p>*Base no incluida.<\/p>\n","protected":false},"featured_media":2022,"comment_status":"open","ping_status":"closed","template":"","meta":{"_joinchat":[]},"product_brand":[],"product_cat":[30],"product_tag":[],"class_list":{"0":"post-2021","1":"product","2":"type-product","3":"status-publish","4":"has-post-thumbnail","6":"product_cat-cafe-y-panela","8":"first","9":"instock","10":"taxable","11":"shipping-taxable","12":"purchasable","13":"product-type-simple"},"_links":{"self":[{"href":"https:\/\/etagro.com\/index.php?rest_route=\/wp\/v2\/product\/2021","targetHints":{"allow":["GET"]}}],"collection":[{"href":"https:\/\/etagro.com\/index.php?rest_route=\/wp\/v2\/product"}],"about":[{"href":"https:\/\/etagro.com\/index.php?rest_route=\/wp\/v2\/types\/product"}],"replies":[{"embeddable":true,"href":"https:\/\/etagro.com\/index.php?rest_route=%2Fwp%2Fv2%2Fcomments&post=2021"}],"wp:featuredmedia":[{"embeddable":true,"href":"https:\/\/etagro.com\/index.php?rest_route=\/wp\/v2\/media\/2022"}],"wp:attachment":[{"href":"https:\/\/etagro.com\/index.php?rest_route=%2Fwp%2Fv2%2Fmedia&parent=2021"}],"wp:term":[{"taxonomy":"product_brand","embeddable":true,"href":"https:\/\/etagro.com\/index.php?rest_route=%2Fwp%2Fv2%2Fproduct_brand&post=2021"},{"taxonomy":"product_cat","embeddable":true,"href":"https:\/\/etagro.com\/index.php?rest_route=%2Fwp%2Fv2%2Fproduct_cat&post=2021"},{"taxonomy":"product_tag","embeddable":true,"href":"https:\/\/etagro.com\/index.php?rest_route=%2Fwp%2Fv2%2Fproduct_tag&post=2021"}],"curies":[{"name":"wp","href":"https:\/\/api.w.org\/{rel}","templated":true}]}}