{"id":1853,"date":"2022-04-13T18:55:37","date_gmt":"2022-04-13T23:55:37","guid":{"rendered":"https:\/\/etagro.com\/?post_type=product&#038;p=1853"},"modified":"2025-10-23T13:01:40","modified_gmt":"2025-10-23T18:01:40","slug":"fumigadora-estacionaria-enermax-gp200-ts28","status":"publish","type":"product","link":"https:\/\/etagro.com\/?product=fumigadora-estacionaria-enermax-gp200-ts28","title":{"rendered":"Fumigadora Estacionaria ENERMAX GP200-TS28"},"content":{"rendered":"<p>El dise\u00f1o OHV mejora la eficiencia de combusti\u00f3n. La disposici\u00f3n de las v\u00e1lvulas permite una admisi\u00f3n de mezcla de combustible m\u00e1s homog\u00e9nea, adem\u00e1s de un escape m\u00e1s r\u00e1pido y completo. F\u00e1cil arranque gracias al sistema de descompresi\u00f3n autom\u00e1tico.<u><\/u><u><\/u><\/p>\n<p>Fumigadora ideal para realizar trabajos de control de plagas y enfermedades en cultivos de hortalizas, papa, frutales y caf\u00e9, entre otros, as\u00ed como tambi\u00e9n para realizar trabajos de fertilizaci\u00f3n foliar. Fumigadora estacionaria de excelente desempe\u00f1o.<\/p>\n","protected":false},"excerpt":{"rendered":"<p><strong>MARCA:<\/strong>\u00a0Enermax<\/p>\n<p><strong>Potenciado por:<\/strong>\u00a0Gasolina 4T<\/p>\n<p><strong>Potencia neta (hp):<\/strong>\u00a06.5<\/p>\n<p><strong>Presi\u00f3n m\u00e1xima (psi):<\/strong>\u00a0500<\/p>\n<p><strong>Caudal m\u00e1ximo fumigaci\u00f3n (lpm):<\/strong>\u00a0<span class=\"il\">28<\/span><\/p>\n<p><strong>Tipo de Camisa de Cilindro:<\/strong>\u00a0Camisa de acero<\/p>\n<p><strong>Motor:<\/strong>\u00a0GP200H QH1<\/p>\n","protected":false},"featured_media":1854,"comment_status":"open","ping_status":"closed","template":"","meta":{"_joinchat":[]},"product_brand":[],"product_cat":[84],"product_tag":[],"class_list":{"0":"post-1853","1":"product","2":"type-product","3":"status-publish","4":"has-post-thumbnail","6":"product_cat-fumigadoras-estacionarias","8":"first","9":"instock","10":"taxable","11":"shipping-taxable","12":"purchasable","13":"product-type-simple"},"_links":{"self":[{"href":"https:\/\/etagro.com\/index.php?rest_route=\/wp\/v2\/product\/1853","targetHints":{"allow":["GET"]}}],"collection":[{"href":"https:\/\/etagro.com\/index.php?rest_route=\/wp\/v2\/product"}],"about":[{"href":"https:\/\/etagro.com\/index.php?rest_route=\/wp\/v2\/types\/product"}],"replies":[{"embeddable":true,"href":"https:\/\/etagro.com\/index.php?rest_route=%2Fwp%2Fv2%2Fcomments&post=1853"}],"wp:featuredmedia":[{"embeddable":true,"href":"https:\/\/etagro.com\/index.php?rest_route=\/wp\/v2\/media\/1854"}],"wp:attachment":[{"href":"https:\/\/etagro.com\/index.php?rest_route=%2Fwp%2Fv2%2Fmedia&parent=1853"}],"wp:term":[{"taxonomy":"product_brand","embeddable":true,"href":"https:\/\/etagro.com\/index.php?rest_route=%2Fwp%2Fv2%2Fproduct_brand&post=1853"},{"taxonomy":"product_cat","embeddable":true,"href":"https:\/\/etagro.com\/index.php?rest_route=%2Fwp%2Fv2%2Fproduct_cat&post=1853"},{"taxonomy":"product_tag","embeddable":true,"href":"https:\/\/etagro.com\/index.php?rest_route=%2Fwp%2Fv2%2Fproduct_tag&post=1853"}],"curies":[{"name":"wp","href":"https:\/\/api.w.org\/{rel}","templated":true}]}}