{"id":1825,"date":"2022-03-31T10:12:20","date_gmt":"2022-03-31T15:12:20","guid":{"rendered":"https:\/\/etagro.com\/?post_type=product&#038;p=1825"},"modified":"2025-10-23T13:01:11","modified_gmt":"2025-10-23T18:01:11","slug":"motor-gasolina-honda-gx270h2qx-9hp","status":"publish","type":"product","link":"https:\/\/etagro.com\/?product=motor-gasolina-honda-gx270h2qx-9hp","title":{"rendered":"Motor Gasolina HONDA GX270H2QX"},"content":{"rendered":"<p style=\"font-weight: 400;\">Caracter\u00edsticas T\u00e9cnicas<\/p>\n<p style=\"font-weight: 400;\">El motor Honda a gasolina de 270cc serie GX270H2 QX (con alarma de aceite); est\u00e1 dise\u00f1ado para las aplicaciones comerciales m\u00e1s exigentes.\u00a0Ha establecido un est\u00e1ndar de la industria en cuanto a confiabilidad y durabilidad.\u00a0El dise\u00f1o de la v\u00e1lvula a\u00e9rea ofrece un funcionamiento m\u00e1s fr\u00edo y con un consumo de combustible m\u00e1s eficiente; la camisa del cilindro de hierro fundido proporciona una vida \u00fatil m\u00e1s larga.\u00a0El GX es confiable, de f\u00e1cil arranque y silencioso.\u00a0Cumple con los est\u00e1ndares de niveles de emisi\u00f3n de EPA y CARB.\u00a0Este motor legendario se ha ganado la reputaci\u00f3n de ser el motor preferido para equipos agr\u00edcolas, industriales y de construcci\u00f3n.<br \/>\n-Sistema de encendido digital CDI con sincronizaci\u00f3n variable<br \/>\n-Relaci\u00f3n de compresi\u00f3n aumentada\u00a08,2:1<br \/>\n-El dise\u00f1o del \u00e1rbol de levas de precisi\u00f3n ofrece una sincronizaci\u00f3n precisa de las v\u00e1lvulas y una superposici\u00f3n \u00f3ptima de las v\u00e1lvulas para una mejor eficiencia de combustible<br \/>\n-Dise\u00f1o OHV para una mayor eficiencia y una transferencia de potencia \u00f3ptima.<\/p>\n","protected":false},"excerpt":{"rendered":"<p><strong>Descripci\u00f3n<\/strong><br \/>\nModelo<br \/>\nGX270H2 QX<\/p>\n<p>Tipo de motor<br \/>\n4 tiempos<\/p>\n<p>Sistema de arranque<br \/>\nmanual<\/p>\n<p>Alimentaci\u00f3n<br \/>\nGasolina<\/p>\n<p>Refrigeraci\u00f3n<br \/>\nPor aire<\/p>\n<p>Potencia<br \/>\n9 hp<\/p>\n<p>Tipo de eje<br \/>\nCu\u00f1a &#8211; Di\u00e1metro: 1&#8243;<\/p>\n<p>Rotaci\u00f3n del eje<br \/>\nSentido antihorario (visto desde el eje)<\/p>\n<p>Velocidad m\u00e1xima<br \/>\n3600 rpm<\/p>\n<p>Capacidad de aceite<br \/>\n1,1 litros<\/p>\n<p>Alarma de aceite<br \/>\nSi<\/p>\n<p>Dimensiones<br \/>\n380 X 429 X 422 ms<\/p>\n<p>Filtro de aire<br \/>\nTipo dual<\/p>\n<p>Peso neto<br \/>\n25 Kg<\/p>\n","protected":false},"featured_media":1826,"comment_status":"open","ping_status":"closed","template":"","meta":{"_joinchat":[]},"product_brand":[],"product_cat":[26],"product_tag":[],"class_list":{"0":"post-1825","1":"product","2":"type-product","3":"status-publish","4":"has-post-thumbnail","6":"product_cat-potencia-y-energia","8":"first","9":"instock","10":"taxable","11":"shipping-taxable","12":"purchasable","13":"product-type-simple"},"_links":{"self":[{"href":"https:\/\/etagro.com\/index.php?rest_route=\/wp\/v2\/product\/1825","targetHints":{"allow":["GET"]}}],"collection":[{"href":"https:\/\/etagro.com\/index.php?rest_route=\/wp\/v2\/product"}],"about":[{"href":"https:\/\/etagro.com\/index.php?rest_route=\/wp\/v2\/types\/product"}],"replies":[{"embeddable":true,"href":"https:\/\/etagro.com\/index.php?rest_route=%2Fwp%2Fv2%2Fcomments&post=1825"}],"wp:featuredmedia":[{"embeddable":true,"href":"https:\/\/etagro.com\/index.php?rest_route=\/wp\/v2\/media\/1826"}],"wp:attachment":[{"href":"https:\/\/etagro.com\/index.php?rest_route=%2Fwp%2Fv2%2Fmedia&parent=1825"}],"wp:term":[{"taxonomy":"product_brand","embeddable":true,"href":"https:\/\/etagro.com\/index.php?rest_route=%2Fwp%2Fv2%2Fproduct_brand&post=1825"},{"taxonomy":"product_cat","embeddable":true,"href":"https:\/\/etagro.com\/index.php?rest_route=%2Fwp%2Fv2%2Fproduct_cat&post=1825"},{"taxonomy":"product_tag","embeddable":true,"href":"https:\/\/etagro.com\/index.php?rest_route=%2Fwp%2Fv2%2Fproduct_tag&post=1825"}],"curies":[{"name":"wp","href":"https:\/\/api.w.org\/{rel}","templated":true}]}}