{"id":1823,"date":"2022-03-31T10:09:33","date_gmt":"2022-03-31T15:09:33","guid":{"rendered":"https:\/\/etagro.com\/?post_type=product&#038;p=1823"},"modified":"2025-10-23T13:01:18","modified_gmt":"2025-10-23T18:01:18","slug":"motor-gasolina-honda-gx200h2-lhb2-65-hp","status":"publish","type":"product","link":"https:\/\/etagro.com\/?product=motor-gasolina-honda-gx200h2-lhb2-65-hp","title":{"rendered":"Motor Gasolina HONDA GX200H2 LHB2"},"content":{"rendered":"<p style=\"font-weight: 400;\">Caracter\u00edsticas T\u00e9cnicas<\/p>\n<p style=\"font-weight: 400;\">\n<p style=\"font-weight: 400;\">Motor gasolina Honda GX200H2 LHB2 6,5 hp, adecuado para una amplia gama de aplicaciones de alto rendimiento e industriales como equipos de construcci\u00f3n, generadores, soldadores, bombas. el dise\u00f1o OHV proporciona una combusti\u00f3n eficiente adem\u00e1s de materiales de alta calidad y componentes dise\u00f1ados para asegurar el uso fiable del equipo a largo plazo.<\/p>\n","protected":false},"excerpt":{"rendered":"<p><strong>Descripci\u00f3n<\/strong><\/p>\n<ul style=\"font-weight: 400;\">\n<li><strong>Potencia:\u00a0<\/strong>6,5 hp<\/li>\n<li><strong>Velocidad:<\/strong>1800-3600 rpm<\/li>\n<li><strong>Combustible:<\/strong>\u00a0Gasolina<\/li>\n<li><strong>Tipo de eje:\u00a0<\/strong>Cu\u00f1a<\/li>\n<li><strong>\u00d8 Di\u00e1metro:<\/strong>\u00a020 mm<\/li>\n<li><strong>Filtro de aire:<\/strong>\u00a0Doble<\/li>\n<li><strong>Alarma de aceite:<\/strong>\u00a0No aplica<\/li>\n<li><strong>Capacidad tanque combustible:\u00a0<\/strong>3,1 lt<\/li>\n<li><strong>Consumo de combustible:<\/strong>1,7 lt\/h<\/li>\n<\/ul>\n<p style=\"font-weight: 400;\">\n","protected":false},"featured_media":1824,"comment_status":"open","ping_status":"closed","template":"","meta":{"_joinchat":[]},"product_brand":[],"product_cat":[26],"product_tag":[],"class_list":{"0":"post-1823","1":"product","2":"type-product","3":"status-publish","4":"has-post-thumbnail","6":"product_cat-potencia-y-energia","8":"first","9":"instock","10":"taxable","11":"shipping-taxable","12":"purchasable","13":"product-type-simple"},"_links":{"self":[{"href":"https:\/\/etagro.com\/index.php?rest_route=\/wp\/v2\/product\/1823","targetHints":{"allow":["GET"]}}],"collection":[{"href":"https:\/\/etagro.com\/index.php?rest_route=\/wp\/v2\/product"}],"about":[{"href":"https:\/\/etagro.com\/index.php?rest_route=\/wp\/v2\/types\/product"}],"replies":[{"embeddable":true,"href":"https:\/\/etagro.com\/index.php?rest_route=%2Fwp%2Fv2%2Fcomments&post=1823"}],"wp:featuredmedia":[{"embeddable":true,"href":"https:\/\/etagro.com\/index.php?rest_route=\/wp\/v2\/media\/1824"}],"wp:attachment":[{"href":"https:\/\/etagro.com\/index.php?rest_route=%2Fwp%2Fv2%2Fmedia&parent=1823"}],"wp:term":[{"taxonomy":"product_brand","embeddable":true,"href":"https:\/\/etagro.com\/index.php?rest_route=%2Fwp%2Fv2%2Fproduct_brand&post=1823"},{"taxonomy":"product_cat","embeddable":true,"href":"https:\/\/etagro.com\/index.php?rest_route=%2Fwp%2Fv2%2Fproduct_cat&post=1823"},{"taxonomy":"product_tag","embeddable":true,"href":"https:\/\/etagro.com\/index.php?rest_route=%2Fwp%2Fv2%2Fproduct_tag&post=1823"}],"curies":[{"name":"wp","href":"https:\/\/api.w.org\/{rel}","templated":true}]}}