{"id":1507,"date":"2021-10-05T19:25:01","date_gmt":"2021-10-06T00:25:01","guid":{"rendered":"https:\/\/etagro.com\/?post_type=product&#038;p=1507"},"modified":"2025-10-22T01:44:23","modified_gmt":"2025-10-22T06:44:23","slug":"cosechadora-de-forrajes-penagos-cf-20","status":"publish","type":"product","link":"https:\/\/etagro.com\/?product=cosechadora-de-forrajes-penagos-cf-20","title":{"rendered":"Cosechadora De Forrajes PENAGOS CF-20"},"content":{"rendered":"<p>La cosechadora de Forrajes CF-20 pica forrajes, ma\u00edz, sorgo, ca\u00f1a de az\u00facar y otras variedades forrajeras sembradas en l\u00ednea. Buen desempe\u00f1o con especies forrajeras sembradas al voleo, dise\u00f1ada para trabajar en terrenos planos, con una inclinaci\u00f3n de hasta m\u00e1ximo un 6% de pendiente, facilita el rebrote ya que posee una rueda para fijar la altura del corte de los tallos.<\/p>\n<p>\u2013 M\u00e1quina robusta, de larga durabilidad, dise\u00f1ada para el duro trabajo del campo<br \/>\n\u2013 De f\u00e1cil y r\u00e1pida reparaci\u00f3n<br \/>\n\u2013 Libre de mangueras hidr\u00e1ulicas que dificultan la reparaci\u00f3n en terreno<br \/>\n\u2013 Elementos de desgaste de f\u00e1cil cambio: cuchillas de picado y de corte<br \/>\n\u2013 Alta capacidad de producci\u00f3n<br \/>\n\u2013 Sistema de auto afilado de las cuchillas de picado<br \/>\n\u2013 Calidad en el corte del tallo para un mejor y m\u00e1s r\u00e1pido rebrote en el forraje<br \/>\n\u2013 Dise\u00f1ada para minimizar los riesgos de atascamiento durante la labor<br \/>\n\u2013 Ofrece diferentes opciones de tama\u00f1o de corte<br \/>\n\u2013 F\u00e1cil adquisici\u00f3n de repuestos<br \/>\n\u2013 Asistencia t\u00e9cnica<\/p>\n","protected":false},"excerpt":{"rendered":"<p>\u2013 M\u00e1quina robusta, de larga durabilidad, dise\u00f1ada para el duro trabajo del campo<br \/>\n\u2013 De f\u00e1cil y r\u00e1pida reparaci\u00f3n<br \/>\n\u2013 Libre de mangueras hidr\u00e1ulicas que dificultan la reparaci\u00f3n en terreno<br \/>\n\u2013 Elementos de desgaste de f\u00e1cil cambio: cuchillas de picado y de corte<br \/>\n\u2013 Alta capacidad de producci\u00f3n<br \/>\n\u2013 Sistema de auto afilado de las cuchillas de picado<br \/>\n\u2013 Calidad en el corte del tallo para un mejor y m\u00e1s r\u00e1pido rebrote en el forraje<br \/>\n\u2013 Dise\u00f1ada para minimizar los riesgos de atascamiento durante la labor<br \/>\n\u2013 Ofrece diferentes opciones de tama\u00f1o de corte<br \/>\n\u2013 F\u00e1cil adquisici\u00f3n de repuestos<br \/>\n\u2013 Asistencia t\u00e9cnica<\/p>\n","protected":false},"featured_media":1510,"comment_status":"open","ping_status":"closed","template":"","meta":{"_joinchat":[]},"product_brand":[],"product_cat":[31,15],"product_tag":[],"class_list":{"0":"post-1507","1":"product","2":"type-product","3":"status-publish","4":"has-post-thumbnail","6":"product_cat-cosechadores","7":"product_cat-tienda","9":"first","10":"instock","11":"taxable","12":"shipping-taxable","13":"purchasable","14":"product-type-simple"},"_links":{"self":[{"href":"https:\/\/etagro.com\/index.php?rest_route=\/wp\/v2\/product\/1507","targetHints":{"allow":["GET"]}}],"collection":[{"href":"https:\/\/etagro.com\/index.php?rest_route=\/wp\/v2\/product"}],"about":[{"href":"https:\/\/etagro.com\/index.php?rest_route=\/wp\/v2\/types\/product"}],"replies":[{"embeddable":true,"href":"https:\/\/etagro.com\/index.php?rest_route=%2Fwp%2Fv2%2Fcomments&post=1507"}],"wp:featuredmedia":[{"embeddable":true,"href":"https:\/\/etagro.com\/index.php?rest_route=\/wp\/v2\/media\/1510"}],"wp:attachment":[{"href":"https:\/\/etagro.com\/index.php?rest_route=%2Fwp%2Fv2%2Fmedia&parent=1507"}],"wp:term":[{"taxonomy":"product_brand","embeddable":true,"href":"https:\/\/etagro.com\/index.php?rest_route=%2Fwp%2Fv2%2Fproduct_brand&post=1507"},{"taxonomy":"product_cat","embeddable":true,"href":"https:\/\/etagro.com\/index.php?rest_route=%2Fwp%2Fv2%2Fproduct_cat&post=1507"},{"taxonomy":"product_tag","embeddable":true,"href":"https:\/\/etagro.com\/index.php?rest_route=%2Fwp%2Fv2%2Fproduct_tag&post=1507"}],"curies":[{"name":"wp","href":"https:\/\/api.w.org\/{rel}","templated":true}]}}