{"id":1264,"date":"2021-07-29T20:06:40","date_gmt":"2021-07-30T01:06:40","guid":{"rendered":"https:\/\/etagro.com\/?post_type=product&#038;p=1264"},"modified":"2025-10-21T23:38:10","modified_gmt":"2025-10-22T04:38:10","slug":"motobomba-caudal-a-gasolina-wb30xh","status":"publish","type":"product","link":"https:\/\/etagro.com\/?product=motobomba-caudal-a-gasolina-wb30xh","title":{"rendered":"Motobomba Caudal a Gasolina WL30XH"},"content":{"rendered":"<p>Motobomba autocebante de 3\u2033 de di\u00e1metro de succi\u00f3n y descarga, cuenta con dise\u00f1o mejorado para un funcionamiento seguro. Provisto de motor GX160 de 4 tiempos y tecnolog\u00eda OHV asegura un f\u00e1cil arranque, ahorro de combustible y m\u00ednima emisi\u00f3n de gases. Permite una elevaci\u00f3n total m\u00e1xima de 23 metros y caudal m\u00e1ximo de\u00a01100\u00a0 l\/min.<\/p>\n<p>&nbsp;<\/p>\n<p>&nbsp;<\/p>\n","protected":false},"excerpt":{"rendered":"<p>Tipo: Autocebante<\/p>\n<p>Di\u00e1metro de succi\u00f3n: 3 pulgadas<\/p>\n<p>Di\u00e1metro de descarga: 3 pulgadas<\/p>\n<p>Altura m\u00e1xima de descarga: 23 m<\/p>\n<p>Altura m\u00e1xima de succi\u00f3n: 7.5 m<\/p>\n<p>Caudal m\u00e1ximo de salida: 1100 l\/min<\/p>\n<p>MOTOR<\/p>\n<p>Motor: GX 60<\/p>\n<p>Tipo: monocil\u00edndrico<\/p>\n<p>Sistema de v\u00e1lvulas: 4T \u2013 OHC<\/p>\n<p>Desplazamiento: 163 cm3<\/p>\n","protected":false},"featured_media":1265,"comment_status":"open","ping_status":"closed","template":"","meta":{"_joinchat":[]},"product_brand":[],"product_cat":[88,25],"product_tag":[],"class_list":{"0":"post-1264","1":"product","2":"type-product","3":"status-publish","4":"has-post-thumbnail","6":"product_cat-combustible","7":"product_cat-motobombas","9":"first","10":"instock","11":"taxable","12":"shipping-taxable","13":"purchasable","14":"product-type-simple"},"_links":{"self":[{"href":"https:\/\/etagro.com\/index.php?rest_route=\/wp\/v2\/product\/1264","targetHints":{"allow":["GET"]}}],"collection":[{"href":"https:\/\/etagro.com\/index.php?rest_route=\/wp\/v2\/product"}],"about":[{"href":"https:\/\/etagro.com\/index.php?rest_route=\/wp\/v2\/types\/product"}],"replies":[{"embeddable":true,"href":"https:\/\/etagro.com\/index.php?rest_route=%2Fwp%2Fv2%2Fcomments&post=1264"}],"wp:featuredmedia":[{"embeddable":true,"href":"https:\/\/etagro.com\/index.php?rest_route=\/wp\/v2\/media\/1265"}],"wp:attachment":[{"href":"https:\/\/etagro.com\/index.php?rest_route=%2Fwp%2Fv2%2Fmedia&parent=1264"}],"wp:term":[{"taxonomy":"product_brand","embeddable":true,"href":"https:\/\/etagro.com\/index.php?rest_route=%2Fwp%2Fv2%2Fproduct_brand&post=1264"},{"taxonomy":"product_cat","embeddable":true,"href":"https:\/\/etagro.com\/index.php?rest_route=%2Fwp%2Fv2%2Fproduct_cat&post=1264"},{"taxonomy":"product_tag","embeddable":true,"href":"https:\/\/etagro.com\/index.php?rest_route=%2Fwp%2Fv2%2Fproduct_tag&post=1264"}],"curies":[{"name":"wp","href":"https:\/\/api.w.org\/{rel}","templated":true}]}}