{"id":1258,"date":"2021-07-29T19:45:37","date_gmt":"2021-07-30T00:45:37","guid":{"rendered":"https:\/\/etagro.com\/?post_type=product&#038;p=1258"},"modified":"2025-10-21T23:38:24","modified_gmt":"2025-10-22T04:38:24","slug":"ahoyadora-efco-tr1551","status":"publish","type":"product","link":"https:\/\/etagro.com\/?product=ahoyadora-efco-tr1551","title":{"rendered":"Ahoyadora EFCO TR1551"},"content":{"rendered":"<div class=\"row margenes-abajos\">\n<div class=\"col-md-9\">\n<p>Ahoyadora con motor a gasolina EFCO 2T con un potente de 50,2cm\u00b3<br \/>\ny 2,1hp<\/p>\n<\/div>\n<\/div>\n<div class=\"row margenes-abajos\">\n<div class=\"col-md-3\"><img decoding=\"async\" class=\"img-responsive center-block\" src=\"https:\/\/energiaypotencia.com\/producto\/ahoyadora-tr-1551\/\" alt=\"\" \/><\/div>\n<div class=\"col-md-9\">\n<p>Dise\u00f1o c\u00f3modo y seguro que re\u00fane todos los mandos en una<br \/>\nempu\u00f1adura ergon\u00f3mica.<\/p>\n<\/div>\n<\/div>\n","protected":false},"excerpt":{"rendered":"<p>Ahoyadora de potencia meda ideal para realizar trabajos de perforaci\u00f3n en terrenos agr\u00edcolas, como plantaci\u00f3n de arbustos, arboles y hortalizas, as\u00ed tambien como para hacer soportes de viveros o<br \/>\nplantaciones donde el trabajo puede ser realizado por una sola persona.<\/p>\n","protected":false},"featured_media":1474,"comment_status":"open","ping_status":"closed","template":"","meta":{"_joinchat":[]},"product_brand":[],"product_cat":[19,118],"product_tag":[],"class_list":{"0":"post-1258","1":"product","2":"type-product","3":"status-publish","4":"has-post-thumbnail","6":"product_cat-agricola","7":"product_cat-ahoyadora","9":"first","10":"instock","11":"taxable","12":"shipping-taxable","13":"purchasable","14":"product-type-simple"},"_links":{"self":[{"href":"https:\/\/etagro.com\/index.php?rest_route=\/wp\/v2\/product\/1258","targetHints":{"allow":["GET"]}}],"collection":[{"href":"https:\/\/etagro.com\/index.php?rest_route=\/wp\/v2\/product"}],"about":[{"href":"https:\/\/etagro.com\/index.php?rest_route=\/wp\/v2\/types\/product"}],"replies":[{"embeddable":true,"href":"https:\/\/etagro.com\/index.php?rest_route=%2Fwp%2Fv2%2Fcomments&post=1258"}],"wp:featuredmedia":[{"embeddable":true,"href":"https:\/\/etagro.com\/index.php?rest_route=\/wp\/v2\/media\/1474"}],"wp:attachment":[{"href":"https:\/\/etagro.com\/index.php?rest_route=%2Fwp%2Fv2%2Fmedia&parent=1258"}],"wp:term":[{"taxonomy":"product_brand","embeddable":true,"href":"https:\/\/etagro.com\/index.php?rest_route=%2Fwp%2Fv2%2Fproduct_brand&post=1258"},{"taxonomy":"product_cat","embeddable":true,"href":"https:\/\/etagro.com\/index.php?rest_route=%2Fwp%2Fv2%2Fproduct_cat&post=1258"},{"taxonomy":"product_tag","embeddable":true,"href":"https:\/\/etagro.com\/index.php?rest_route=%2Fwp%2Fv2%2Fproduct_tag&post=1258"}],"curies":[{"name":"wp","href":"https:\/\/api.w.org\/{rel}","templated":true}]}}