{"id":1019,"date":"2021-06-18T16:09:01","date_gmt":"2021-06-18T21:09:01","guid":{"rendered":"https:\/\/etagro.com\/?post_type=product&#038;p=1019"},"modified":"2025-10-23T12:08:01","modified_gmt":"2025-10-23T17:08:01","slug":"picapasto-pp-300-amg","status":"publish","type":"product","link":"https:\/\/etagro.com\/?product=picapasto-pp-300-amg","title":{"rendered":"Picapasto PP-300 AMG"},"content":{"rendered":"<p><em>Picadora de alta velocidad para uso de raci\u00f3n diaria o ensilaje. Ideal para peque\u00f1os ganaderos. Con motor gasolina de 6,5 H.P. acoplado<\/em><\/p>\n<p>Ideal para optimizar el picado de pasto, ca\u00f1a de az\u00facar, sorgo y otras especies forrajeras; brinda la opci\u00f3n de picado de zanahoria, papa y\/o trozos de yuca. Poseen dos cuchillas m\u00f3viles y una contra cuchilla fija.<br \/>\n\u2013 Apta para raci\u00f3n diaria<br \/>\n\u2013 Ideal para hacer ensilaje en peque\u00f1as cantidades.<br \/>\n\u2013 Segura en su operaci\u00f3n<br \/>\n\u2013 F\u00e1cil en su mantenimiento<\/p>\n<div class=\"elementor-element elementor-element-80aaf92 tabla-anadir-personalizada elementor-widget elementor-widget-text-editor\" data-id=\"80aaf92\" data-element_type=\"widget\" data-widget_type=\"text-editor.default\">\n<div class=\"elementor-widget-container\">\n<div class=\"elementor-text-editor elementor-clearfix\">\n<table width=\"510\">\n<tbody>\n<tr>\n<td width=\"261\">Modelo<\/td>\n<td width=\"249\">PP-300AMG<\/td>\n<\/tr>\n<tr>\n<td width=\"261\">Producci\u00f3n forrajes kg\/h*<\/td>\n<td width=\"249\">600-1000<\/td>\n<\/tr>\n<tr>\n<td width=\"261\">N\u00famero de cuchillas<\/td>\n<td width=\"249\">2<\/td>\n<\/tr>\n<tr>\n<td width=\"261\">N\u00famero de contracuchillas<\/td>\n<td width=\"249\">1<\/td>\n<\/tr>\n<tr>\n<td width=\"261\">Revoluciones del rotor<\/td>\n<td width=\"249\">3600<\/td>\n<\/tr>\n<tr>\n<td width=\"261\">Potencia motor el\u00e9ctrico<\/td>\n<td width=\"249\">N\/A<\/td>\n<\/tr>\n<tr>\n<td width=\"261\">Potencia motor gasolina o di\u00e9sel<\/td>\n<td width=\"249\">6.5 HP (Motor gasolina incluido)<\/td>\n<\/tr>\n<tr>\n<td width=\"261\">Dimensiones de la boca de la recamara de picado<\/td>\n<td width=\"249\">70 x 60 mm<\/td>\n<\/tr>\n<tr>\n<td width=\"261\">Dimensiones (L x A x H) mm<\/td>\n<td width=\"249\">700 x 700 x 900<\/td>\n<\/tr>\n<tr>\n<td width=\"261\">Peso aproximado (sin motor)<\/td>\n<td width=\"249\">32 kg<\/td>\n<\/tr>\n<\/tbody>\n<\/table>\n<\/div>\n<\/div>\n<\/div>\n<div class=\"elementor-element elementor-element-f309c5b elementor-widget elementor-widget-text-editor\" data-id=\"f309c5b\" data-element_type=\"widget\" data-widget_type=\"text-editor.default\">\n<div class=\"elementor-widget-container\">\n<div class=\"elementor-text-editor elementor-clearfix\">* Esta capacidad var\u00eda seg\u00fan la humedad, peso espec\u00edfico del material picado y la agilidad del operador al alimentar la m\u00e1quina.<\/div>\n<\/div>\n<\/div>\n","protected":false},"excerpt":{"rendered":"<p style=\"font-weight: 400;\">DESCRIPCION<\/p>\n<ul style=\"font-weight: 400;\">\n<li>La picadora de pasto PP 300AMG, es ideal para hacer ensilaje y apta para raci\u00f3n diaria.<\/li>\n<li>Apropiada para optimizar el picado de pasto, ca\u00f1a de az\u00facar, sorgo y otras especies forrajeras.<\/li>\n<li>Adicional le brinda la opci\u00f3n un picado menudo de zanahoria, papa y\/o trozos de yuca.<\/li>\n<li>Posee dos cuchillas m\u00f3viles y una contra cuchilla fija, est\u00e1 dise\u00f1ada para motor el\u00e9ctrico, incluye motor gasolina de 6.5 HP, beneficios: Aptas para raci\u00f3n diaria<\/li>\n<li>Ideales para hacer ensilaje en peque\u00f1as cantidades.<\/li>\n<li>Seguras en su operaci\u00f3n<\/li>\n<li>F\u00e1ciles en su mantenimiento, Producci\u00f3n forrajes kg\/h 600 \u2013 1000 *<\/li>\n<li><strong>Dimensi\u00f3n de boca de la rec\u00e1mara de picado<\/strong>\u00a070 x 60 mm<\/li>\n<li><strong>Peso aproximado<\/strong>\u00a032 kg<\/li>\n<\/ul>\n","protected":false},"featured_media":3486,"comment_status":"open","ping_status":"closed","template":"","meta":{"_joinchat":[]},"product_brand":[],"product_cat":[60,111,39],"product_tag":[],"class_list":{"0":"post-1019","1":"product","2":"type-product","3":"status-publish","4":"has-post-thumbnail","6":"product_cat-cortacesped","7":"product_cat-picapasto","8":"product_cat-zonas-verdes","10":"first","11":"instock","12":"taxable","13":"shipping-taxable","14":"purchasable","15":"product-type-simple"},"_links":{"self":[{"href":"https:\/\/etagro.com\/index.php?rest_route=\/wp\/v2\/product\/1019","targetHints":{"allow":["GET"]}}],"collection":[{"href":"https:\/\/etagro.com\/index.php?rest_route=\/wp\/v2\/product"}],"about":[{"href":"https:\/\/etagro.com\/index.php?rest_route=\/wp\/v2\/types\/product"}],"replies":[{"embeddable":true,"href":"https:\/\/etagro.com\/index.php?rest_route=%2Fwp%2Fv2%2Fcomments&post=1019"}],"wp:featuredmedia":[{"embeddable":true,"href":"https:\/\/etagro.com\/index.php?rest_route=\/wp\/v2\/media\/3486"}],"wp:attachment":[{"href":"https:\/\/etagro.com\/index.php?rest_route=%2Fwp%2Fv2%2Fmedia&parent=1019"}],"wp:term":[{"taxonomy":"product_brand","embeddable":true,"href":"https:\/\/etagro.com\/index.php?rest_route=%2Fwp%2Fv2%2Fproduct_brand&post=1019"},{"taxonomy":"product_cat","embeddable":true,"href":"https:\/\/etagro.com\/index.php?rest_route=%2Fwp%2Fv2%2Fproduct_cat&post=1019"},{"taxonomy":"product_tag","embeddable":true,"href":"https:\/\/etagro.com\/index.php?rest_route=%2Fwp%2Fv2%2Fproduct_tag&post=1019"}],"curies":[{"name":"wp","href":"https:\/\/api.w.org\/{rel}","templated":true}]}}