{"id":1013,"date":"2021-06-18T16:00:16","date_gmt":"2021-06-18T21:00:16","guid":{"rendered":"https:\/\/etagro.com\/?post_type=product&#038;p=1013"},"modified":"2025-10-22T01:42:18","modified_gmt":"2025-10-22T06:42:18","slug":"picapasto-pp-12mr","status":"publish","type":"product","link":"https:\/\/etagro.com\/?product=picapasto-pp-12mr","title":{"rendered":"Picapasto PENAGOS PP-12MR"},"content":{"rendered":"<p><strong>DESCRIPCION<\/strong><u><\/u><u><\/u><\/p>\n<p>La PP12MRB es ideal para haciendas donde las necesidades de cortar forraje son medianas o grandes.<\/p>\n<p>Est\u00e1 equipada con un sistema de embrague (adelante, neutro y retroceso) que permite mec\u00e1nicamente detener o retroceder la alimentaci\u00f3n del pasto sin necesidad de parar el motor, tambi\u00e9n cuenta con una unidad recolectora que brinda seguridad para el operario y el direccionamiento del material picado facilitando as\u00ed la recolecci\u00f3n de este.<\/p>\n<p>La batea de alimentaci\u00f3n est\u00e1 construida en l\u00e1mina, con dobleces que le dan estructura y fortaleza.<\/p>\n<p>Como implemento adicional puede solicitar base para motor di\u00e9sel\/gasolina.<\/p>\n<p>Equipo sencillo de operar y f\u00e1cil de mantener.<\/p>\n","protected":false},"excerpt":{"rendered":"<p><b>CARACTER\u00cdSTICAS T\u00c9CNICAS<\/b><\/p>\n<p>Producci\u00f3n Forrajes: 3500 &#8211; 4000 Kg\/h<br \/>\nBoca de alimentaci\u00f3n: 12&#8243;<br \/>\nLongitud de corte: 8 mm.<br \/>\nNumero de cuchillas: 3<br \/>\nRevoluciones Volante: 300 &#8211; 350<br \/>\nPotencia Requerida: 4 &#8211; 5 HP- El\u00e9ctrico (no incluido)<br \/>\nDi\u00e1metro Volante: 24&#8243;<br \/>\nDi\u00e1metro Polea Motor a 1750 RPM: 4.5&#8243; &#8211; 2B<br \/>\nPeso m\u00e1quina sin motor: 160 Kg.<\/p>\n","protected":false},"featured_media":1015,"comment_status":"open","ping_status":"closed","template":"","meta":{"_joinchat":[]},"product_brand":[],"product_cat":[111],"product_tag":[],"class_list":{"0":"post-1013","1":"product","2":"type-product","3":"status-publish","4":"has-post-thumbnail","6":"product_cat-picapasto","8":"first","9":"instock","10":"taxable","11":"shipping-taxable","12":"purchasable","13":"product-type-simple"},"_links":{"self":[{"href":"https:\/\/etagro.com\/index.php?rest_route=\/wp\/v2\/product\/1013","targetHints":{"allow":["GET"]}}],"collection":[{"href":"https:\/\/etagro.com\/index.php?rest_route=\/wp\/v2\/product"}],"about":[{"href":"https:\/\/etagro.com\/index.php?rest_route=\/wp\/v2\/types\/product"}],"replies":[{"embeddable":true,"href":"https:\/\/etagro.com\/index.php?rest_route=%2Fwp%2Fv2%2Fcomments&post=1013"}],"wp:featuredmedia":[{"embeddable":true,"href":"https:\/\/etagro.com\/index.php?rest_route=\/wp\/v2\/media\/1015"}],"wp:attachment":[{"href":"https:\/\/etagro.com\/index.php?rest_route=%2Fwp%2Fv2%2Fmedia&parent=1013"}],"wp:term":[{"taxonomy":"product_brand","embeddable":true,"href":"https:\/\/etagro.com\/index.php?rest_route=%2Fwp%2Fv2%2Fproduct_brand&post=1013"},{"taxonomy":"product_cat","embeddable":true,"href":"https:\/\/etagro.com\/index.php?rest_route=%2Fwp%2Fv2%2Fproduct_cat&post=1013"},{"taxonomy":"product_tag","embeddable":true,"href":"https:\/\/etagro.com\/index.php?rest_route=%2Fwp%2Fv2%2Fproduct_tag&post=1013"}],"curies":[{"name":"wp","href":"https:\/\/api.w.org\/{rel}","templated":true}]}}