{"id":281,"date":"2021-02-26T01:20:23","date_gmt":"2021-02-26T06:20:23","guid":{"rendered":"http:\/\/etagro.com\/new\/?page_id=281"},"modified":"2024-12-20T08:45:19","modified_gmt":"2024-12-20T13:45:19","slug":"tratamiento-de-datos-personales","status":"publish","type":"page","link":"https:\/\/etagro.com\/?page_id=281","title":{"rendered":"Tratamiento de Datos Personales"},"content":{"rendered":"\t\t<div data-elementor-type=\"wp-page\" data-elementor-id=\"281\" class=\"elementor elementor-281\" data-elementor-post-type=\"page\">\n\t\t\t\t\t\t<section class=\"elementor-section elementor-top-section elementor-element elementor-element-8f43730 elementor-section-full_width elementor-section-height-default elementor-section-height-default\" data-id=\"8f43730\" data-element_type=\"section\" data-e-type=\"section\">\n\t\t\t\t\t\t<div class=\"elementor-container elementor-column-gap-default\">\n\t\t\t\t\t<div class=\"elementor-column elementor-col-100 elementor-top-column elementor-element elementor-element-23bdf5e\" data-id=\"23bdf5e\" data-element_type=\"column\" data-e-type=\"column\">\n\t\t\t<div class=\"elementor-widget-wrap elementor-element-populated\">\n\t\t\t\t\t\t<div class=\"elementor-element elementor-element-2c5091f0 elementor-widget elementor-widget-image\" data-id=\"2c5091f0\" data-element_type=\"widget\" data-e-type=\"widget\" data-widget_type=\"image.default\">\n\t\t\t\t<div class=\"elementor-widget-container\">\n\t\t\t\t\t\t\t\t\t\t\t\t\t\t\t<img fetchpriority=\"high\" decoding=\"async\" width=\"1600\" height=\"624\" src=\"https:\/\/etagro.com\/wp-content\/uploads\/2021\/02\/water-irrigation-agriculture.jpg\" class=\"attachment-full size-full wp-image-64\" alt=\"\" srcset=\"https:\/\/etagro.com\/wp-content\/uploads\/2021\/02\/water-irrigation-agriculture.jpg 1600w, https:\/\/etagro.com\/wp-content\/uploads\/2021\/02\/water-irrigation-agriculture-300x117.jpg 300w, https:\/\/etagro.com\/wp-content\/uploads\/2021\/02\/water-irrigation-agriculture-1024x399.jpg 1024w, https:\/\/etagro.com\/wp-content\/uploads\/2021\/02\/water-irrigation-agriculture-768x300.jpg 768w, https:\/\/etagro.com\/wp-content\/uploads\/2021\/02\/water-irrigation-agriculture-1536x599.jpg 1536w, https:\/\/etagro.com\/wp-content\/uploads\/2021\/02\/water-irrigation-agriculture-600x234.jpg 600w\" sizes=\"(max-width: 1600px) 100vw, 1600px\" \/>\t\t\t\t\t\t\t\t\t\t\t\t\t\t\t<\/div>\n\t\t\t\t<\/div>\n\t\t\t\t\t<\/div>\n\t\t<\/div>\n\t\t\t\t\t<\/div>\n\t\t<\/section>\n\t\t\t\t<section class=\"elementor-section elementor-top-section elementor-element elementor-element-fc15a11 elementor-section-boxed elementor-section-height-default elementor-section-height-default\" data-id=\"fc15a11\" data-element_type=\"section\" data-e-type=\"section\">\n\t\t\t\t\t\t<div class=\"elementor-container elementor-column-gap-default\">\n\t\t\t\t\t<div class=\"elementor-column elementor-col-50 elementor-top-column elementor-element elementor-element-3aa84ac\" data-id=\"3aa84ac\" data-element_type=\"column\" data-e-type=\"column\">\n\t\t\t<div class=\"elementor-widget-wrap elementor-element-populated\">\n\t\t\t\t\t\t<div class=\"elementor-element elementor-element-5f017de elementor-widget elementor-widget-text-editor\" data-id=\"5f017de\" data-element_type=\"widget\" data-e-type=\"widget\" data-widget_type=\"text-editor.default\">\n\t\t\t\t<div class=\"elementor-widget-container\">\n\t\t\t\t\t\t\t\t\t<div id=\"sppb-addon-1545373981169\" class=\"clearfix\" style=\"box-shadow: #ffffff 0px 0px 0px 0px;margin: 0px;color: #9f9f9f;font-family: Lato, sans-serif\">\n<div class=\"sppb-addon sppb-addon-header tag-line sppb-text-left\">\n<h3 class=\"sppb-addon-title\" style=\"font-family: 'Roboto Slab', serif;line-height: 20px;color: #115e2b;margin: 0px;font-size: 24px;padding: 0px\">Acerca de Nuestra Empresa<\/h3>\n<\/div>\n<\/div>\n<div id=\"sppb-addon-1545373981170\" class=\"clearfix\" style=\"box-shadow: #ffffff 0px 0px 0px 0px;margin: 0px;color: #9f9f9f;font-family: Lato, sans-serif\">\n<div class=\"sppb-addon sppb-addon-raw-html \">\n<h2 class=\"sppb-addon-title\" style=\"font-family: 'Roboto Slab', serif;line-height: 42px;color: #1f1f1f;margin-top: 0px;font-size: 34px;margin-bottom: 10px !important\">ETAGRO y CIA sas<\/h2>\n<div class=\"sppb-addon-content\">\n<div style=\"color: #1f1f1f\">Es un l\u00edder en el sector agropecuario e industrial colombianos, suministrando equipos agr\u00edcolas y servicios de alta calidad no solamente en todo el territorio colombiano a trav\u00e9s de su vasta red de distribuidores nacionales, sino tambi\u00e9n en el exterior.<\/div>\n<div>&nbsp;<\/div>\n<div style=\"color: #1f1f1f\">Actualmente, contamos con un amplio espectro de servicios para nuestros clientes, que incluye desde un completo almac\u00e9n de equipos agr\u00edcolas, en donde ofrecemos no solamente nuestra marca propia de equipos agr\u00edcolas SAETA, sino marcas de prestigio como STIGA, PENAGOS, HONDA, PEDROLLO y muchas m\u00e1s.<\/div>\n<\/div>\n<\/div>\n<\/div>\t\t\t\t\t\t\t\t<\/div>\n\t\t\t\t<\/div>\n\t\t\t\t\t<\/div>\n\t\t<\/div>\n\t\t\t\t<div class=\"elementor-column elementor-col-50 elementor-top-column elementor-element elementor-element-54c9013\" data-id=\"54c9013\" data-element_type=\"column\" data-e-type=\"column\">\n\t\t\t<div class=\"elementor-widget-wrap elementor-element-populated\">\n\t\t\t\t\t\t<div class=\"elementor-element elementor-element-8138b48 elementor-pagination-type-progressbar elementor-skin-carousel elementor-arrows-yes elementor-pagination-position-outside elementor-widget elementor-widget-media-carousel\" data-id=\"8138b48\" data-element_type=\"widget\" data-e-type=\"widget\" data-settings=\"{&quot;slides_per_view&quot;:&quot;1&quot;,&quot;pagination&quot;:&quot;progressbar&quot;,&quot;autoplay_speed&quot;:&quot;3000&quot;,&quot;skin&quot;:&quot;carousel&quot;,&quot;effect&quot;:&quot;slide&quot;,&quot;show_arrows&quot;:&quot;yes&quot;,&quot;speed&quot;:500,&quot;autoplay&quot;:&quot;yes&quot;,&quot;loop&quot;:&quot;yes&quot;,&quot;pause_on_hover&quot;:&quot;yes&quot;,&quot;pause_on_interaction&quot;:&quot;yes&quot;,&quot;space_between&quot;:{&quot;unit&quot;:&quot;px&quot;,&quot;size&quot;:10,&quot;sizes&quot;:[]},&quot;space_between_tablet&quot;:{&quot;unit&quot;:&quot;px&quot;,&quot;size&quot;:10,&quot;sizes&quot;:[]},&quot;space_between_mobile&quot;:{&quot;unit&quot;:&quot;px&quot;,&quot;size&quot;:10,&quot;sizes&quot;:[]}}\" data-widget_type=\"media-carousel.default\">\n\t\t\t\t<div class=\"elementor-widget-container\">\n\t\t\t\t\t\t\t\t\t<div class=\"elementor-swiper\">\n\t\t\t\t\t<div class=\"elementor-main-swiper swiper\" role=\"region\" aria-roledescription=\"carousel\" aria-label=\"Slides\">\n\t\t\t\t<div class=\"swiper-wrapper\">\n\t\t\t\t\t\t\t\t\t\t\t<div class=\"swiper-slide\" role=\"group\" aria-roledescription=\"slide\">\n\t\t\t\t\t\t\t\t\t<div class=\"elementor-carousel-image\" role=\"img\" aria-label=\"nuevoedificio\" style=\"background-image: url(&#039;https:\/\/etagro.com\/wp-content\/uploads\/2021\/02\/nuevoedificio.png&#039;)\">\n\n\t\t\t\n\t\t\t\t\t<\/div>\n\t\t\t\t\t\t\t\t<\/div>\n\t\t\t\t\t\t\t\t\t<\/div>\n\t\t\t\t\t\t\t<\/div>\n\t\t\t\t<\/div>\n\t\t\t\t\t\t\t\t<\/div>\n\t\t\t\t<\/div>\n\t\t\t\t\t<\/div>\n\t\t<\/div>\n\t\t\t\t\t<\/div>\n\t\t<\/section>\n\t\t\t\t<section class=\"elementor-section elementor-top-section elementor-element elementor-element-2bd0c007 elementor-section-content-middle elementor-section-boxed elementor-section-height-default elementor-section-height-default\" data-id=\"2bd0c007\" data-element_type=\"section\" data-e-type=\"section\">\n\t\t\t\t\t\t<div class=\"elementor-container elementor-column-gap-no\">\n\t\t\t\t\t<div class=\"elementor-column elementor-col-50 elementor-top-column elementor-element elementor-element-465e84de\" data-id=\"465e84de\" data-element_type=\"column\" data-e-type=\"column\">\n\t\t\t<div class=\"elementor-widget-wrap elementor-element-populated\">\n\t\t\t\t\t\t<div class=\"elementor-element elementor-element-711df51e elementor-widget-divider--view-line elementor-widget elementor-widget-divider\" data-id=\"711df51e\" data-element_type=\"widget\" data-e-type=\"widget\" data-widget_type=\"divider.default\">\n\t\t\t\t<div class=\"elementor-widget-container\">\n\t\t\t\t\t\t\t<div class=\"elementor-divider\">\n\t\t\t<span class=\"elementor-divider-separator\">\n\t\t\t\t\t\t<\/span>\n\t\t<\/div>\n\t\t\t\t\t\t<\/div>\n\t\t\t\t<\/div>\n\t\t\t\t<div class=\"elementor-element elementor-element-9904119 elementor-widget elementor-widget-heading\" data-id=\"9904119\" data-element_type=\"widget\" data-e-type=\"widget\" data-widget_type=\"heading.default\">\n\t\t\t\t<div class=\"elementor-widget-container\">\n\t\t\t\t\t<h4 class=\"elementor-heading-title elementor-size-default\"><h1><a>Autorizaci\u00f3n de Tratamiento de Datos Personales<\/a><\/h1><\/h4>\t\t\t\t<\/div>\n\t\t\t\t<\/div>\n\t\t\t\t\t<\/div>\n\t\t<\/div>\n\t\t\t\t<div class=\"elementor-column elementor-col-50 elementor-top-column elementor-element elementor-element-e17684\" data-id=\"e17684\" data-element_type=\"column\" data-e-type=\"column\">\n\t\t\t<div class=\"elementor-widget-wrap elementor-element-populated\">\n\t\t\t\t\t\t<div class=\"elementor-element elementor-element-3cca04c8 elementor-widget elementor-widget-text-editor\" data-id=\"3cca04c8\" data-element_type=\"widget\" data-e-type=\"widget\" data-widget_type=\"text-editor.default\">\n\t\t\t\t<div class=\"elementor-widget-container\">\n\t\t\t\t\t\t\t\t\t<p>Etagro y Cia sas. en calidad de propietaria informa a todos sus trabajadores, ex trabajadores, clientes, proveedores y aquellas personas naturales con las cuales tiene o ha tenido alguna relaci\u00f3n de car\u00e1cter laboral o comercial que cuenta con bases de datos en las cuales reposan datos personales que han sido suministrados por ustedes y que son objeto de recolecci\u00f3n almacenamiento y actualizaci\u00f3n por parte de la empresa mencionada.<\/p><p>Que con base en lo establecido en la ley 1581 de 2012 y el decreto 1377 de 2013 se requiere de la autorizaci\u00f3n expresa, libre, voluntaria, y debidamente informada del titular de los datos para continuar con el tratamiento de los mismos.<\/p><p>Si dentro de las 30 dias h\u00e1biles siguientes a esta publicaci\u00f3n usted no nos solicita la supresi\u00f3n de los datos personales nuestra empresa podr\u00e1 seguir realizando el tratamiento de los mismos, con base en lo establecido en el art 10 del decreto reglamentario 1377 de 2013.<\/p><p>Usted como titular de los datos tiene derecho a conocer, actualizar, rectificar, revocar, solicitar la supresi\u00f3n, presentar quejas y reclamos y dem\u00e1s derechos contenidos en las normas mencionadas respecto de los datos suministrados.<\/p><p>Usted podr\u00e1 comunicarse a trav\u00e9s del siguiente correo electr\u00f3nico etagro@etagro.com.<\/p>\t\t\t\t\t\t\t\t<\/div>\n\t\t\t\t<\/div>\n\t\t\t\t\t<\/div>\n\t\t<\/div>\n\t\t\t\t\t<\/div>\n\t\t<\/section>\n\t\t\t\t<\/div>\n\t\t","protected":false},"excerpt":{"rendered":"<p>Acerca de Nuestra Empresa ETAGRO y CIA sas Es un l\u00edder en el sector agropecuario e industrial colombianos, suministrando equipos agr\u00edcolas y servicios de alta calidad no solamente en todo el territorio colombiano a trav\u00e9s de su vasta red de distribuidores nacionales, sino tambi\u00e9n en el exterior. &nbsp; Actualmente, contamos con un amplio espectro de [&hellip;]<\/p>\n","protected":false},"author":1,"featured_media":0,"parent":0,"menu_order":0,"comment_status":"closed","ping_status":"closed","template":"elementor_header_footer","meta":{"_joinchat":[],"footnotes":""},"class_list":["post-281","page","type-page","status-publish","hentry"],"_links":{"self":[{"href":"https:\/\/etagro.com\/index.php?rest_route=\/wp\/v2\/pages\/281","targetHints":{"allow":["GET"]}}],"collection":[{"href":"https:\/\/etagro.com\/index.php?rest_route=\/wp\/v2\/pages"}],"about":[{"href":"https:\/\/etagro.com\/index.php?rest_route=\/wp\/v2\/types\/page"}],"author":[{"embeddable":true,"href":"https:\/\/etagro.com\/index.php?rest_route=\/wp\/v2\/users\/1"}],"replies":[{"embeddable":true,"href":"https:\/\/etagro.com\/index.php?rest_route=%2Fwp%2Fv2%2Fcomments&post=281"}],"version-history":[{"count":22,"href":"https:\/\/etagro.com\/index.php?rest_route=\/wp\/v2\/pages\/281\/revisions"}],"predecessor-version":[{"id":2540,"href":"https:\/\/etagro.com\/index.php?rest_route=\/wp\/v2\/pages\/281\/revisions\/2540"}],"wp:attachment":[{"href":"https:\/\/etagro.com\/index.php?rest_route=%2Fwp%2Fv2%2Fmedia&parent=281"}],"curies":[{"name":"wp","href":"https:\/\/api.w.org\/{rel}","templated":true}]}}